{"id":1105,"date":"2025-06-18T18:03:53","date_gmt":"2025-06-18T16:03:53","guid":{"rendered":"https:\/\/vodelys.com\/?page_id=1105"},"modified":"2025-06-18T18:03:53","modified_gmt":"2025-06-18T16:03:53","slug":"mentions-legales","status":"publish","type":"page","link":"https:\/\/vodelys.com\/index.php\/mentions-legales\/","title":{"rendered":"Mentions l\u00e9gales"},"content":{"rendered":"\n<ol start=\"1\" class=\"wp-block-list\">\n<li><strong>\u00c9diteur du site<\/strong> <br>Le pr\u00e9sent site est \u00e9dit\u00e9 par la soci\u00e9t\u00e9 Vodelys SARL au capital de 21 000 \u20ac, immatricul\u00e9e au Registre du Commerce et des Soci\u00e9t\u00e9s de Fort-de-France sous le n\u00b0 50493993500020, dont le si\u00e8ge social est situ\u00e9 \u00e0 l&rsquo;ESPACE DILLON 3000 &#8211; LOT 7, RUE GEORGES EUCHARIS, 97200 FORT-DE-FRANCE<br><\/li>\n\n\n\n<li><strong>Directeur de la publication<\/strong> <br>Monsieur Olivier SAWULA, en qualit\u00e9 de G\u00e9rant de la SARL Vodelys, est responsable de la publication du contenu diffus\u00e9 sur ce site.<br><\/li>\n\n\n\n<li><strong>H\u00e9bergeur<\/strong> <br>Le site est h\u00e9berg\u00e9 par OVH \u2013 SAS au capital de 10 069 020 \u20ac, immatricul\u00e9e au RCS Lille M\u00e9tropole sous le n\u00b0 424 761 419, dont le si\u00e8ge social est situ\u00e9 : 2 Rue Kellermann, 59100 Roubaix, France T\u00e9l\u00e9phone : 09 72 10 10 07<br><\/li>\n\n\n\n<li><strong>Propri\u00e9t\u00e9 intellectuelle<\/strong> <br>L\u2019ensemble des contenus (textes, images, logos, graphismes, vid\u00e9os, ic\u00f4nes, sons\u2026) reproduits sur ce site sont la propri\u00e9t\u00e9 exclusive de Vodelys ou de ses partenaires ayant autoris\u00e9 leur diffusion. Toute reproduction, repr\u00e9sentation, modification, publication ou adaptation, sous quelque forme que ce soit, est interdite sans l\u2019autorisation \u00e9crite pr\u00e9alable de Vodelys.<br><\/li>\n\n\n\n<li><strong>Responsabilit\u00e9<\/strong><br>Vodelys met tout en \u0153uvre pour assurer l\u2019exactitude et la mise \u00e0 jour des informations diffus\u00e9es sur le site, mais ne saurait garantir l\u2019exhaustivit\u00e9 ou l\u2019infaillibilit\u00e9 des donn\u00e9es. L\u2019utilisateur demeure seul responsable de l\u2019interpr\u00e9tation des informations pr\u00e9sent\u00e9es et de l\u2019utilisation qui pourrait en \u00eatre faite.<br><\/li>\n\n\n\n<li><strong>Protection des donn\u00e9es personnelles<\/strong> <br>Pour la description d\u00e9taill\u00e9e du traitement de vos donn\u00e9es personnelles, nous vous invitons \u00e0 consulter notre <strong>Politique de confidentialit\u00e9<\/strong>, disponible \u00e0 l\u2019adresse : <a href=\"https:\/\/vodelys.com\/index.php\/politique-de-confidentialite\/\">https:\/\/www.vodelys.com\/politique-de-confidentialite<\/a><br><\/li>\n\n\n\n<li><strong>Cookies<\/strong> <br>Lors de votre navigation, des cookies sont d\u00e9pos\u00e9s sur votre terminal afin d\u2019am\u00e9liorer votre exp\u00e9rience et de r\u00e9aliser des statistiques de visite anonymis\u00e9es. Vous pouvez \u00e0 tout moment g\u00e9rer vos pr\u00e9f\u00e9rences de cookies via le bandeau d\u00e9di\u00e9 ou les param\u00e8tres de votre navigateur.<br><\/li>\n\n\n\n<li><strong>Loi applicable et juridiction comp\u00e9tente<\/strong> <br>Les pr\u00e9sentes mentions l\u00e9gales sont soumises au droit fran\u00e7ais. En cas de litige, les tribunaux comp\u00e9tents seront ceux du si\u00e8ge social de Vodelys, sauf disposition l\u00e9gale contraire imp\u00e9rative.<\/li>\n<\/ol>\n\n\n\n<hr class=\"wp-block-separator has-alpha-channel-opacity\"\/>\n\n\n\n<p><br>Pour toute question relative \u00e0 ces mentions l\u00e9gales, vous pouvez nous contacter \u00e0 : serviceclients@vodelys.com.<\/p>\n\n\n\n<p><\/p>\n","protected":false},"excerpt":{"rendered":"<p>Pour toute question relative \u00e0 ces mentions l\u00e9gales, vous pouvez nous contacter \u00e0 : serviceclients@vodelys.com.<\/p>\n","protected":false},"author":1,"featured_media":0,"parent":0,"menu_order":0,"comment_status":"closed","ping_status":"closed","template":"","meta":{"_themeisle_gutenberg_block_has_review":false,"_kadence_starter_templates_imported_post":false,"_swpsp_post_exclude":false,"_kad_post_transparent":"","_kad_post_title":"","_kad_post_layout":"","_kad_post_sidebar_id":"","_kad_post_content_style":"","_kad_post_vertical_padding":"","_kad_post_feature":"","_kad_post_feature_position":"","_kad_post_header":false,"_kad_post_footer":false,"footnotes":""},"class_list":["post-1105","page","type-page","status-publish","hentry"],"_links":{"self":[{"href":"https:\/\/vodelys.com\/index.php\/wp-json\/wp\/v2\/pages\/1105","targetHints":{"allow":["GET"]}}],"collection":[{"href":"https:\/\/vodelys.com\/index.php\/wp-json\/wp\/v2\/pages"}],"about":[{"href":"https:\/\/vodelys.com\/index.php\/wp-json\/wp\/v2\/types\/page"}],"author":[{"embeddable":true,"href":"https:\/\/vodelys.com\/index.php\/wp-json\/wp\/v2\/users\/1"}],"replies":[{"embeddable":true,"href":"https:\/\/vodelys.com\/index.php\/wp-json\/wp\/v2\/comments?post=1105"}],"version-history":[{"count":1,"href":"https:\/\/vodelys.com\/index.php\/wp-json\/wp\/v2\/pages\/1105\/revisions"}],"predecessor-version":[{"id":1107,"href":"https:\/\/vodelys.com\/index.php\/wp-json\/wp\/v2\/pages\/1105\/revisions\/1107"}],"wp:attachment":[{"href":"https:\/\/vodelys.com\/index.php\/wp-json\/wp\/v2\/media?parent=1105"}],"curies":[{"name":"wp","href":"https:\/\/api.w.org\/{rel}","templated":true}]}}